{"id":91,"date":"2025-10-12T14:22:01","date_gmt":"2025-10-12T14:22:01","guid":{"rendered":"https:\/\/ropapersonalizadamadrid.com\/ropa_personalizada_madrid\/?page_id=91"},"modified":"2025-11-04T09:40:59","modified_gmt":"2025-11-04T09:40:59","slug":"camisetas-para-penas","status":"publish","type":"page","link":"https:\/\/ropapersonalizadamadrid.com\/ropa_personalizada_madrid\/camisetas-para-penas\/","title":{"rendered":"Camisetas para pe\u00f1as, empresas y negocios"},"content":{"rendered":"\n<p>Dentro de nuestra secci\u00f3n ropa personalizada Madrid con bordados personalizados Madrid, podr\u00e1s encontrar camisetas para pe\u00f1as personalizadas bordadas de alta calidad.<\/p>\n\n\n\n<p>Tanto como para particulares como empresas, estas camisetas personalizadas, har\u00e1n que la imagen de tu pe\u00f1a, de tu negocio o tu empresa suba de nivel.<\/p>\n\n\n\n<figure class=\"wp-block-video\"><video autoplay controls muted src=\"https:\/\/ropapersonalizadamadrid.com\/wp-content\/uploads\/2025\/10\/camisetas-para-penas.mp4\" playsinline><\/video><\/figure>\n\n\n\n<p>Elige un trabajo profesional de bordados personalizados Madrid y marca la diferencia<\/p>\n\n\n\n<div class=\"wp-block-buttons is-layout-flex wp-block-buttons-is-layout-flex\">\n<div class=\"wp-block-button\"><a class=\"wp-block-button__link wp-element-button\" href=\"https:\/\/ropapersonalizadamadrid.com\/ropa_personalizada_madrid\/formulario-de-contacto-para-ropa-personalizada-bordados-personalizados\/\">Pide tu presupuesto ahora<\/a><\/div>\n<\/div>\n\n\n\n<p><\/p>\n","protected":false},"excerpt":{"rendered":"<p>Dentro de nuestra secci\u00f3n ropa personalizada Madrid con bordados personalizados Madrid, podr\u00e1s encontrar camisetas para pe\u00f1as personalizadas bordadas de alta calidad. Tanto como para particulares como empresas, estas camisetas personalizadas, har\u00e1n que la imagen de tu pe\u00f1a, de tu negocio o tu empresa suba de nivel. Elige un trabajo profesional de bordados personalizados Madrid y&#8230;<\/p>\n","protected":false},"author":1,"featured_media":0,"parent":0,"menu_order":0,"comment_status":"closed","ping_status":"closed","template":"","meta":{"_kad_post_transparent":"","_kad_post_title":"","_kad_post_layout":"","_kad_post_sidebar_id":"","_kad_post_content_style":"","_kad_post_vertical_padding":"","_kad_post_feature":"","_kad_post_feature_position":"","_kad_post_header":false,"_kad_post_footer":false,"footnotes":""},"class_list":["post-91","page","type-page","status-publish","hentry"],"yoast_head":"<!-- This site is optimized with the Yoast SEO plugin v26.2 - https:\/\/yoast.com\/wordpress\/plugins\/seo\/ -->\n<title>Ropa personalizada Madrid. Bordados personalizados Madrid<\/title>\n<meta name=\"description\" content=\"Empresa dedicada a Ropa personalizada Madrid con bordados personalizados Madrid para empresas. Solicite presupuesto sin compromiso.\" \/>\n<meta name=\"robots\" content=\"index, follow, max-snippet:-1, max-image-preview:large, max-video-preview:-1\" \/>\n<link rel=\"canonical\" href=\"https:\/\/ropapersonalizadamadrid.com\/ropa_personalizada_madrid\/camisetas-para-penas\/\" \/>\n<meta property=\"og:locale\" content=\"es_ES\" \/>\n<meta property=\"og:type\" content=\"article\" \/>\n<meta property=\"og:title\" content=\"Ropa personalizada Madrid. Bordados personalizados Madrid\" \/>\n<meta property=\"og:description\" content=\"Empresa dedicada a Ropa personalizada Madrid con bordados personalizados Madrid para empresas. Solicite presupuesto sin compromiso.\" \/>\n<meta property=\"og:url\" content=\"https:\/\/ropapersonalizadamadrid.com\/ropa_personalizada_madrid\/camisetas-para-penas\/\" \/>\n<meta property=\"og:site_name\" content=\"Ropa personalizada Bordada\" \/>\n<meta property=\"article:modified_time\" content=\"2025-11-04T09:40:59+00:00\" \/>\n<meta name=\"twitter:card\" content=\"summary_large_image\" \/>\n<meta name=\"twitter:label1\" content=\"Tiempo de lectura\" \/>\n\t<meta name=\"twitter:data1\" content=\"1 minuto\" \/>\n<script type=\"application\/ld+json\" class=\"yoast-schema-graph\">{\"@context\":\"https:\/\/schema.org\",\"@graph\":[{\"@type\":\"WebPage\",\"@id\":\"https:\/\/ropapersonalizadamadrid.com\/ropa_personalizada_madrid\/camisetas-para-penas\/\",\"url\":\"https:\/\/ropapersonalizadamadrid.com\/ropa_personalizada_madrid\/camisetas-para-penas\/\",\"name\":\"Ropa personalizada Madrid. Bordados personalizados Madrid\",\"isPartOf\":{\"@id\":\"https:\/\/ropapersonalizadamadrid.com\/ropa_personalizada_madrid\/#website\"},\"datePublished\":\"2025-10-12T14:22:01+00:00\",\"dateModified\":\"2025-11-04T09:40:59+00:00\",\"description\":\"Empresa dedicada a Ropa personalizada Madrid con bordados personalizados Madrid para empresas. Solicite presupuesto sin compromiso.\",\"breadcrumb\":{\"@id\":\"https:\/\/ropapersonalizadamadrid.com\/ropa_personalizada_madrid\/camisetas-para-penas\/#breadcrumb\"},\"inLanguage\":\"es\",\"potentialAction\":[{\"@type\":\"ReadAction\",\"target\":[\"https:\/\/ropapersonalizadamadrid.com\/ropa_personalizada_madrid\/camisetas-para-penas\/\"]}]},{\"@type\":\"BreadcrumbList\",\"@id\":\"https:\/\/ropapersonalizadamadrid.com\/ropa_personalizada_madrid\/camisetas-para-penas\/#breadcrumb\",\"itemListElement\":[{\"@type\":\"ListItem\",\"position\":1,\"name\":\"Portada\",\"item\":\"https:\/\/ropapersonalizadamadrid.com\/ropa_personalizada_madrid\/\"},{\"@type\":\"ListItem\",\"position\":2,\"name\":\"Camisetas para pe\u00f1as, empresas y negocios\"}]},{\"@type\":\"WebSite\",\"@id\":\"https:\/\/ropapersonalizadamadrid.com\/ropa_personalizada_madrid\/#website\",\"url\":\"https:\/\/ropapersonalizadamadrid.com\/ropa_personalizada_madrid\/\",\"name\":\"Ropa personalizada Bordada\",\"description\":\"Bordados personalizados para negocios y empresas\",\"publisher\":{\"@id\":\"https:\/\/ropapersonalizadamadrid.com\/ropa_personalizada_madrid\/#organization\"},\"potentialAction\":[{\"@type\":\"SearchAction\",\"target\":{\"@type\":\"EntryPoint\",\"urlTemplate\":\"https:\/\/ropapersonalizadamadrid.com\/ropa_personalizada_madrid\/?s={search_term_string}\"},\"query-input\":{\"@type\":\"PropertyValueSpecification\",\"valueRequired\":true,\"valueName\":\"search_term_string\"}}],\"inLanguage\":\"es\"},{\"@type\":\"Organization\",\"@id\":\"https:\/\/ropapersonalizadamadrid.com\/ropa_personalizada_madrid\/#organization\",\"name\":\"BS BORDADOS\",\"alternateName\":\"BS BORDADOS\",\"url\":\"https:\/\/ropapersonalizadamadrid.com\/ropa_personalizada_madrid\/\",\"logo\":{\"@type\":\"ImageObject\",\"inLanguage\":\"es\",\"@id\":\"https:\/\/ropapersonalizadamadrid.com\/ropa_personalizada_madrid\/#\/schema\/logo\/image\/\",\"url\":\"https:\/\/ropapersonalizadamadrid.com\/wp-content\/uploads\/2025\/10\/LOGOpara-banners.png\",\"contentUrl\":\"https:\/\/ropapersonalizadamadrid.com\/wp-content\/uploads\/2025\/10\/LOGOpara-banners.png\",\"width\":1918,\"height\":1057,\"caption\":\"BS BORDADOS\"},\"image\":{\"@id\":\"https:\/\/ropapersonalizadamadrid.com\/ropa_personalizada_madrid\/#\/schema\/logo\/image\/\"}}]}<\/script>\n<!-- \/ Yoast SEO plugin. -->","yoast_head_json":{"title":"Ropa personalizada Madrid. Bordados personalizados Madrid","description":"Empresa dedicada a Ropa personalizada Madrid con bordados personalizados Madrid para empresas. Solicite presupuesto sin compromiso.","robots":{"index":"index","follow":"follow","max-snippet":"max-snippet:-1","max-image-preview":"max-image-preview:large","max-video-preview":"max-video-preview:-1"},"canonical":"https:\/\/ropapersonalizadamadrid.com\/ropa_personalizada_madrid\/camisetas-para-penas\/","og_locale":"es_ES","og_type":"article","og_title":"Ropa personalizada Madrid. Bordados personalizados Madrid","og_description":"Empresa dedicada a Ropa personalizada Madrid con bordados personalizados Madrid para empresas. Solicite presupuesto sin compromiso.","og_url":"https:\/\/ropapersonalizadamadrid.com\/ropa_personalizada_madrid\/camisetas-para-penas\/","og_site_name":"Ropa personalizada Bordada","article_modified_time":"2025-11-04T09:40:59+00:00","twitter_card":"summary_large_image","twitter_misc":{"Tiempo de lectura":"1 minuto"},"schema":{"@context":"https:\/\/schema.org","@graph":[{"@type":"WebPage","@id":"https:\/\/ropapersonalizadamadrid.com\/ropa_personalizada_madrid\/camisetas-para-penas\/","url":"https:\/\/ropapersonalizadamadrid.com\/ropa_personalizada_madrid\/camisetas-para-penas\/","name":"Ropa personalizada Madrid. Bordados personalizados Madrid","isPartOf":{"@id":"https:\/\/ropapersonalizadamadrid.com\/ropa_personalizada_madrid\/#website"},"datePublished":"2025-10-12T14:22:01+00:00","dateModified":"2025-11-04T09:40:59+00:00","description":"Empresa dedicada a Ropa personalizada Madrid con bordados personalizados Madrid para empresas. Solicite presupuesto sin compromiso.","breadcrumb":{"@id":"https:\/\/ropapersonalizadamadrid.com\/ropa_personalizada_madrid\/camisetas-para-penas\/#breadcrumb"},"inLanguage":"es","potentialAction":[{"@type":"ReadAction","target":["https:\/\/ropapersonalizadamadrid.com\/ropa_personalizada_madrid\/camisetas-para-penas\/"]}]},{"@type":"BreadcrumbList","@id":"https:\/\/ropapersonalizadamadrid.com\/ropa_personalizada_madrid\/camisetas-para-penas\/#breadcrumb","itemListElement":[{"@type":"ListItem","position":1,"name":"Portada","item":"https:\/\/ropapersonalizadamadrid.com\/ropa_personalizada_madrid\/"},{"@type":"ListItem","position":2,"name":"Camisetas para pe\u00f1as, empresas y negocios"}]},{"@type":"WebSite","@id":"https:\/\/ropapersonalizadamadrid.com\/ropa_personalizada_madrid\/#website","url":"https:\/\/ropapersonalizadamadrid.com\/ropa_personalizada_madrid\/","name":"Ropa personalizada Bordada","description":"Bordados personalizados para negocios y empresas","publisher":{"@id":"https:\/\/ropapersonalizadamadrid.com\/ropa_personalizada_madrid\/#organization"},"potentialAction":[{"@type":"SearchAction","target":{"@type":"EntryPoint","urlTemplate":"https:\/\/ropapersonalizadamadrid.com\/ropa_personalizada_madrid\/?s={search_term_string}"},"query-input":{"@type":"PropertyValueSpecification","valueRequired":true,"valueName":"search_term_string"}}],"inLanguage":"es"},{"@type":"Organization","@id":"https:\/\/ropapersonalizadamadrid.com\/ropa_personalizada_madrid\/#organization","name":"BS BORDADOS","alternateName":"BS BORDADOS","url":"https:\/\/ropapersonalizadamadrid.com\/ropa_personalizada_madrid\/","logo":{"@type":"ImageObject","inLanguage":"es","@id":"https:\/\/ropapersonalizadamadrid.com\/ropa_personalizada_madrid\/#\/schema\/logo\/image\/","url":"https:\/\/ropapersonalizadamadrid.com\/wp-content\/uploads\/2025\/10\/LOGOpara-banners.png","contentUrl":"https:\/\/ropapersonalizadamadrid.com\/wp-content\/uploads\/2025\/10\/LOGOpara-banners.png","width":1918,"height":1057,"caption":"BS BORDADOS"},"image":{"@id":"https:\/\/ropapersonalizadamadrid.com\/ropa_personalizada_madrid\/#\/schema\/logo\/image\/"}}]}},"_links":{"self":[{"href":"https:\/\/ropapersonalizadamadrid.com\/ropa_personalizada_madrid\/wp-json\/wp\/v2\/pages\/91","targetHints":{"allow":["GET"]}}],"collection":[{"href":"https:\/\/ropapersonalizadamadrid.com\/ropa_personalizada_madrid\/wp-json\/wp\/v2\/pages"}],"about":[{"href":"https:\/\/ropapersonalizadamadrid.com\/ropa_personalizada_madrid\/wp-json\/wp\/v2\/types\/page"}],"author":[{"embeddable":true,"href":"https:\/\/ropapersonalizadamadrid.com\/ropa_personalizada_madrid\/wp-json\/wp\/v2\/users\/1"}],"replies":[{"embeddable":true,"href":"https:\/\/ropapersonalizadamadrid.com\/ropa_personalizada_madrid\/wp-json\/wp\/v2\/comments?post=91"}],"version-history":[{"count":7,"href":"https:\/\/ropapersonalizadamadrid.com\/ropa_personalizada_madrid\/wp-json\/wp\/v2\/pages\/91\/revisions"}],"predecessor-version":[{"id":175,"href":"https:\/\/ropapersonalizadamadrid.com\/ropa_personalizada_madrid\/wp-json\/wp\/v2\/pages\/91\/revisions\/175"}],"wp:attachment":[{"href":"https:\/\/ropapersonalizadamadrid.com\/ropa_personalizada_madrid\/wp-json\/wp\/v2\/media?parent=91"}],"curies":[{"name":"wp","href":"https:\/\/api.w.org\/{rel}","templated":true}]}}