{"id":163,"date":"2025-10-14T17:14:27","date_gmt":"2025-10-14T17:14:27","guid":{"rendered":"https:\/\/ropapersonalizadamadrid.com\/ropa_personalizada_madrid\/?page_id=163"},"modified":"2025-11-04T09:42:56","modified_gmt":"2025-11-04T09:42:56","slug":"ropa-personalizada-quienes-somos","status":"publish","type":"page","link":"https:\/\/ropapersonalizadamadrid.com\/ropa_personalizada_madrid\/ropa-personalizada-quienes-somos\/","title":{"rendered":"Ropa personalizada . Quienes somos"},"content":{"rendered":"\n<p>En <strong>BS Bordados<\/strong> llevamos a\u00f1os dedic\u00e1ndonos a dar vida a prendas \u00fanicas a trav\u00e9s de nuestros <strong>bordados personalizados<\/strong>. Desde nuestro taller en <strong>Madrid<\/strong>, trabajamos cada d\u00eda para transformar simples tejidos en piezas que reflejan la identidad de cada empresa.<\/p>\n\n\n\n<p>Nos apasiona la calidad, el detalle y la personalizaci\u00f3n. Por eso, cuidamos cada paso del proceso para que cada logo, nombre o dise\u00f1o quede perfecto, duradero y con un acabado profesional.<\/p>\n\n\n\n<figure class=\"wp-block-image size-large is-resized\"><img loading=\"lazy\" decoding=\"async\" width=\"683\" height=\"1024\" src=\"https:\/\/ropapersonalizadamadrid.com\/wp-content\/uploads\/2025\/10\/ropa-personalizada-bordados-personalizados-logo-propio-bordado-683x1024.png\" alt=\"\" class=\"wp-image-164\" style=\"width:314px;height:auto\" srcset=\"https:\/\/ropapersonalizadamadrid.com\/wp-content\/uploads\/2025\/10\/ropa-personalizada-bordados-personalizados-logo-propio-bordado-683x1024.png 683w, https:\/\/ropapersonalizadamadrid.com\/wp-content\/uploads\/2025\/10\/ropa-personalizada-bordados-personalizados-logo-propio-bordado-200x300.png 200w, https:\/\/ropapersonalizadamadrid.com\/wp-content\/uploads\/2025\/10\/ropa-personalizada-bordados-personalizados-logo-propio-bordado-768x1152.png 768w, https:\/\/ropapersonalizadamadrid.com\/wp-content\/uploads\/2025\/10\/ropa-personalizada-bordados-personalizados-logo-propio-bordado.png 1024w\" sizes=\"auto, (max-width: 683px) 100vw, 683px\" \/><\/figure>\n\n\n\n<p>Ofrecemos una amplia variedad de <strong>ropa personalizada<\/strong> para empresas: camisetas, sudaderas, batas de trabajo, delantales de hosteler\u00eda, toallas, camisas o forros polares. Nuestro objetivo es ayudarte a destacar tu marca con prendas c\u00f3modas, resistentes y llenas de personalidad.<\/p>\n\n\n\n<p>En <strong>BS Bordados<\/strong>, combinamos la experiencia artesanal con tecnolog\u00eda moderna para ofrecer resultados que marcan la diferencia. Porque sabemos que tu imagen importa, y queremos que cada puntada hable bien de ti.<\/p>\n","protected":false},"excerpt":{"rendered":"<p>En BS Bordados llevamos a\u00f1os dedic\u00e1ndonos a dar vida a prendas \u00fanicas a trav\u00e9s de nuestros bordados personalizados. Desde nuestro taller en Madrid, trabajamos cada d\u00eda para transformar simples tejidos en piezas que reflejan la identidad de cada empresa. Nos apasiona la calidad, el detalle y la personalizaci\u00f3n. Por eso, cuidamos cada paso del proceso&#8230;<\/p>\n","protected":false},"author":1,"featured_media":0,"parent":0,"menu_order":0,"comment_status":"closed","ping_status":"closed","template":"","meta":{"_kad_post_transparent":"","_kad_post_title":"","_kad_post_layout":"","_kad_post_sidebar_id":"","_kad_post_content_style":"","_kad_post_vertical_padding":"","_kad_post_feature":"","_kad_post_feature_position":"","_kad_post_header":false,"_kad_post_footer":false,"footnotes":""},"class_list":["post-163","page","type-page","status-publish","hentry"],"yoast_head":"<!-- This site is optimized with the Yoast SEO plugin v26.2 - https:\/\/yoast.com\/wordpress\/plugins\/seo\/ -->\n<title>Ropa personalizada Madrid. Bordados personalizados Madrid<\/title>\n<meta name=\"description\" content=\"Tienda especialista en ropa personalizada Madrid. Crea tus bordados personalizados Madrid con nosotros. Mejora la imagen de tu empresa\" \/>\n<meta name=\"robots\" content=\"index, follow, max-snippet:-1, max-image-preview:large, max-video-preview:-1\" \/>\n<link rel=\"canonical\" href=\"https:\/\/ropapersonalizadamadrid.com\/ropa_personalizada_madrid\/ropa-personalizada-quienes-somos\/\" \/>\n<meta property=\"og:locale\" content=\"es_ES\" \/>\n<meta property=\"og:type\" content=\"article\" \/>\n<meta property=\"og:title\" content=\"Ropa personalizada Madrid. Bordados personalizados Madrid\" \/>\n<meta property=\"og:description\" content=\"Tienda especialista en ropa personalizada Madrid. Crea tus bordados personalizados Madrid con nosotros. Mejora la imagen de tu empresa\" \/>\n<meta property=\"og:url\" content=\"https:\/\/ropapersonalizadamadrid.com\/ropa_personalizada_madrid\/ropa-personalizada-quienes-somos\/\" \/>\n<meta property=\"og:site_name\" content=\"Ropa personalizada Bordada\" \/>\n<meta property=\"article:modified_time\" content=\"2025-11-04T09:42:56+00:00\" \/>\n<meta property=\"og:image\" content=\"https:\/\/ropapersonalizadamadrid.com\/wp-content\/uploads\/2025\/10\/ropa-personalizada-bordados-personalizados-logo-propio-bordado-683x1024.png\" \/>\n\t<meta property=\"og:image:width\" content=\"683\" \/>\n\t<meta property=\"og:image:height\" content=\"1024\" \/>\n\t<meta property=\"og:image:type\" content=\"image\/png\" \/>\n<meta name=\"twitter:card\" content=\"summary_large_image\" \/>\n<meta name=\"twitter:label1\" content=\"Tiempo de lectura\" \/>\n\t<meta name=\"twitter:data1\" content=\"1 minuto\" \/>\n<script type=\"application\/ld+json\" class=\"yoast-schema-graph\">{\"@context\":\"https:\/\/schema.org\",\"@graph\":[{\"@type\":\"WebPage\",\"@id\":\"https:\/\/ropapersonalizadamadrid.com\/ropa_personalizada_madrid\/ropa-personalizada-quienes-somos\/\",\"url\":\"https:\/\/ropapersonalizadamadrid.com\/ropa_personalizada_madrid\/ropa-personalizada-quienes-somos\/\",\"name\":\"Ropa personalizada Madrid. Bordados personalizados Madrid\",\"isPartOf\":{\"@id\":\"https:\/\/ropapersonalizadamadrid.com\/ropa_personalizada_madrid\/#website\"},\"primaryImageOfPage\":{\"@id\":\"https:\/\/ropapersonalizadamadrid.com\/ropa_personalizada_madrid\/ropa-personalizada-quienes-somos\/#primaryimage\"},\"image\":{\"@id\":\"https:\/\/ropapersonalizadamadrid.com\/ropa_personalizada_madrid\/ropa-personalizada-quienes-somos\/#primaryimage\"},\"thumbnailUrl\":\"https:\/\/ropapersonalizadamadrid.com\/wp-content\/uploads\/2025\/10\/ropa-personalizada-bordados-personalizados-logo-propio-bordado-683x1024.png\",\"datePublished\":\"2025-10-14T17:14:27+00:00\",\"dateModified\":\"2025-11-04T09:42:56+00:00\",\"description\":\"Tienda especialista en ropa personalizada Madrid. Crea tus bordados personalizados Madrid con nosotros. Mejora la imagen de tu empresa\",\"breadcrumb\":{\"@id\":\"https:\/\/ropapersonalizadamadrid.com\/ropa_personalizada_madrid\/ropa-personalizada-quienes-somos\/#breadcrumb\"},\"inLanguage\":\"es\",\"potentialAction\":[{\"@type\":\"ReadAction\",\"target\":[\"https:\/\/ropapersonalizadamadrid.com\/ropa_personalizada_madrid\/ropa-personalizada-quienes-somos\/\"]}]},{\"@type\":\"ImageObject\",\"inLanguage\":\"es\",\"@id\":\"https:\/\/ropapersonalizadamadrid.com\/ropa_personalizada_madrid\/ropa-personalizada-quienes-somos\/#primaryimage\",\"url\":\"https:\/\/ropapersonalizadamadrid.com\/wp-content\/uploads\/2025\/10\/ropa-personalizada-bordados-personalizados-logo-propio-bordado-683x1024.png\",\"contentUrl\":\"https:\/\/ropapersonalizadamadrid.com\/wp-content\/uploads\/2025\/10\/ropa-personalizada-bordados-personalizados-logo-propio-bordado-683x1024.png\"},{\"@type\":\"BreadcrumbList\",\"@id\":\"https:\/\/ropapersonalizadamadrid.com\/ropa_personalizada_madrid\/ropa-personalizada-quienes-somos\/#breadcrumb\",\"itemListElement\":[{\"@type\":\"ListItem\",\"position\":1,\"name\":\"Portada\",\"item\":\"https:\/\/ropapersonalizadamadrid.com\/ropa_personalizada_madrid\/\"},{\"@type\":\"ListItem\",\"position\":2,\"name\":\"Ropa personalizada . Quienes somos\"}]},{\"@type\":\"WebSite\",\"@id\":\"https:\/\/ropapersonalizadamadrid.com\/ropa_personalizada_madrid\/#website\",\"url\":\"https:\/\/ropapersonalizadamadrid.com\/ropa_personalizada_madrid\/\",\"name\":\"Ropa personalizada Bordada\",\"description\":\"Bordados personalizados para negocios y empresas\",\"publisher\":{\"@id\":\"https:\/\/ropapersonalizadamadrid.com\/ropa_personalizada_madrid\/#organization\"},\"potentialAction\":[{\"@type\":\"SearchAction\",\"target\":{\"@type\":\"EntryPoint\",\"urlTemplate\":\"https:\/\/ropapersonalizadamadrid.com\/ropa_personalizada_madrid\/?s={search_term_string}\"},\"query-input\":{\"@type\":\"PropertyValueSpecification\",\"valueRequired\":true,\"valueName\":\"search_term_string\"}}],\"inLanguage\":\"es\"},{\"@type\":\"Organization\",\"@id\":\"https:\/\/ropapersonalizadamadrid.com\/ropa_personalizada_madrid\/#organization\",\"name\":\"BS BORDADOS\",\"alternateName\":\"BS BORDADOS\",\"url\":\"https:\/\/ropapersonalizadamadrid.com\/ropa_personalizada_madrid\/\",\"logo\":{\"@type\":\"ImageObject\",\"inLanguage\":\"es\",\"@id\":\"https:\/\/ropapersonalizadamadrid.com\/ropa_personalizada_madrid\/#\/schema\/logo\/image\/\",\"url\":\"https:\/\/ropapersonalizadamadrid.com\/wp-content\/uploads\/2025\/10\/LOGOpara-banners.png\",\"contentUrl\":\"https:\/\/ropapersonalizadamadrid.com\/wp-content\/uploads\/2025\/10\/LOGOpara-banners.png\",\"width\":1918,\"height\":1057,\"caption\":\"BS BORDADOS\"},\"image\":{\"@id\":\"https:\/\/ropapersonalizadamadrid.com\/ropa_personalizada_madrid\/#\/schema\/logo\/image\/\"}}]}<\/script>\n<!-- \/ Yoast SEO plugin. -->","yoast_head_json":{"title":"Ropa personalizada Madrid. Bordados personalizados Madrid","description":"Tienda especialista en ropa personalizada Madrid. Crea tus bordados personalizados Madrid con nosotros. Mejora la imagen de tu empresa","robots":{"index":"index","follow":"follow","max-snippet":"max-snippet:-1","max-image-preview":"max-image-preview:large","max-video-preview":"max-video-preview:-1"},"canonical":"https:\/\/ropapersonalizadamadrid.com\/ropa_personalizada_madrid\/ropa-personalizada-quienes-somos\/","og_locale":"es_ES","og_type":"article","og_title":"Ropa personalizada Madrid. Bordados personalizados Madrid","og_description":"Tienda especialista en ropa personalizada Madrid. Crea tus bordados personalizados Madrid con nosotros. Mejora la imagen de tu empresa","og_url":"https:\/\/ropapersonalizadamadrid.com\/ropa_personalizada_madrid\/ropa-personalizada-quienes-somos\/","og_site_name":"Ropa personalizada Bordada","article_modified_time":"2025-11-04T09:42:56+00:00","og_image":[{"width":683,"height":1024,"url":"https:\/\/ropapersonalizadamadrid.com\/wp-content\/uploads\/2025\/10\/ropa-personalizada-bordados-personalizados-logo-propio-bordado-683x1024.png","type":"image\/png"}],"twitter_card":"summary_large_image","twitter_misc":{"Tiempo de lectura":"1 minuto"},"schema":{"@context":"https:\/\/schema.org","@graph":[{"@type":"WebPage","@id":"https:\/\/ropapersonalizadamadrid.com\/ropa_personalizada_madrid\/ropa-personalizada-quienes-somos\/","url":"https:\/\/ropapersonalizadamadrid.com\/ropa_personalizada_madrid\/ropa-personalizada-quienes-somos\/","name":"Ropa personalizada Madrid. Bordados personalizados Madrid","isPartOf":{"@id":"https:\/\/ropapersonalizadamadrid.com\/ropa_personalizada_madrid\/#website"},"primaryImageOfPage":{"@id":"https:\/\/ropapersonalizadamadrid.com\/ropa_personalizada_madrid\/ropa-personalizada-quienes-somos\/#primaryimage"},"image":{"@id":"https:\/\/ropapersonalizadamadrid.com\/ropa_personalizada_madrid\/ropa-personalizada-quienes-somos\/#primaryimage"},"thumbnailUrl":"https:\/\/ropapersonalizadamadrid.com\/wp-content\/uploads\/2025\/10\/ropa-personalizada-bordados-personalizados-logo-propio-bordado-683x1024.png","datePublished":"2025-10-14T17:14:27+00:00","dateModified":"2025-11-04T09:42:56+00:00","description":"Tienda especialista en ropa personalizada Madrid. Crea tus bordados personalizados Madrid con nosotros. Mejora la imagen de tu empresa","breadcrumb":{"@id":"https:\/\/ropapersonalizadamadrid.com\/ropa_personalizada_madrid\/ropa-personalizada-quienes-somos\/#breadcrumb"},"inLanguage":"es","potentialAction":[{"@type":"ReadAction","target":["https:\/\/ropapersonalizadamadrid.com\/ropa_personalizada_madrid\/ropa-personalizada-quienes-somos\/"]}]},{"@type":"ImageObject","inLanguage":"es","@id":"https:\/\/ropapersonalizadamadrid.com\/ropa_personalizada_madrid\/ropa-personalizada-quienes-somos\/#primaryimage","url":"https:\/\/ropapersonalizadamadrid.com\/wp-content\/uploads\/2025\/10\/ropa-personalizada-bordados-personalizados-logo-propio-bordado-683x1024.png","contentUrl":"https:\/\/ropapersonalizadamadrid.com\/wp-content\/uploads\/2025\/10\/ropa-personalizada-bordados-personalizados-logo-propio-bordado-683x1024.png"},{"@type":"BreadcrumbList","@id":"https:\/\/ropapersonalizadamadrid.com\/ropa_personalizada_madrid\/ropa-personalizada-quienes-somos\/#breadcrumb","itemListElement":[{"@type":"ListItem","position":1,"name":"Portada","item":"https:\/\/ropapersonalizadamadrid.com\/ropa_personalizada_madrid\/"},{"@type":"ListItem","position":2,"name":"Ropa personalizada . Quienes somos"}]},{"@type":"WebSite","@id":"https:\/\/ropapersonalizadamadrid.com\/ropa_personalizada_madrid\/#website","url":"https:\/\/ropapersonalizadamadrid.com\/ropa_personalizada_madrid\/","name":"Ropa personalizada Bordada","description":"Bordados personalizados para negocios y empresas","publisher":{"@id":"https:\/\/ropapersonalizadamadrid.com\/ropa_personalizada_madrid\/#organization"},"potentialAction":[{"@type":"SearchAction","target":{"@type":"EntryPoint","urlTemplate":"https:\/\/ropapersonalizadamadrid.com\/ropa_personalizada_madrid\/?s={search_term_string}"},"query-input":{"@type":"PropertyValueSpecification","valueRequired":true,"valueName":"search_term_string"}}],"inLanguage":"es"},{"@type":"Organization","@id":"https:\/\/ropapersonalizadamadrid.com\/ropa_personalizada_madrid\/#organization","name":"BS BORDADOS","alternateName":"BS BORDADOS","url":"https:\/\/ropapersonalizadamadrid.com\/ropa_personalizada_madrid\/","logo":{"@type":"ImageObject","inLanguage":"es","@id":"https:\/\/ropapersonalizadamadrid.com\/ropa_personalizada_madrid\/#\/schema\/logo\/image\/","url":"https:\/\/ropapersonalizadamadrid.com\/wp-content\/uploads\/2025\/10\/LOGOpara-banners.png","contentUrl":"https:\/\/ropapersonalizadamadrid.com\/wp-content\/uploads\/2025\/10\/LOGOpara-banners.png","width":1918,"height":1057,"caption":"BS BORDADOS"},"image":{"@id":"https:\/\/ropapersonalizadamadrid.com\/ropa_personalizada_madrid\/#\/schema\/logo\/image\/"}}]}},"_links":{"self":[{"href":"https:\/\/ropapersonalizadamadrid.com\/ropa_personalizada_madrid\/wp-json\/wp\/v2\/pages\/163","targetHints":{"allow":["GET"]}}],"collection":[{"href":"https:\/\/ropapersonalizadamadrid.com\/ropa_personalizada_madrid\/wp-json\/wp\/v2\/pages"}],"about":[{"href":"https:\/\/ropapersonalizadamadrid.com\/ropa_personalizada_madrid\/wp-json\/wp\/v2\/types\/page"}],"author":[{"embeddable":true,"href":"https:\/\/ropapersonalizadamadrid.com\/ropa_personalizada_madrid\/wp-json\/wp\/v2\/users\/1"}],"replies":[{"embeddable":true,"href":"https:\/\/ropapersonalizadamadrid.com\/ropa_personalizada_madrid\/wp-json\/wp\/v2\/comments?post=163"}],"version-history":[{"count":1,"href":"https:\/\/ropapersonalizadamadrid.com\/ropa_personalizada_madrid\/wp-json\/wp\/v2\/pages\/163\/revisions"}],"predecessor-version":[{"id":165,"href":"https:\/\/ropapersonalizadamadrid.com\/ropa_personalizada_madrid\/wp-json\/wp\/v2\/pages\/163\/revisions\/165"}],"wp:attachment":[{"href":"https:\/\/ropapersonalizadamadrid.com\/ropa_personalizada_madrid\/wp-json\/wp\/v2\/media?parent=163"}],"curies":[{"name":"wp","href":"https:\/\/api.w.org\/{rel}","templated":true}]}}